{"id":1806,"date":"2024-06-13T19:24:43","date_gmt":"2024-06-13T17:24:43","guid":{"rendered":"https:\/\/proacta.pl\/investor-relations\/akcjonariat\/"},"modified":"2025-09-18T19:20:57","modified_gmt":"2025-09-18T17:20:57","slug":"shareholders","status":"publish","type":"page","link":"https:\/\/proacta.pl\/en\/investor-relations\/shareholders\/","title":{"rendered":"Shareholders"},"content":{"rendered":"\n<figure class=\"wp-block-table\"><table><thead><tr><th>Shareholder<\/th><th>Number of shares<\/th><th class=\"has-text-align-center\" data-align=\"center\">Share in share capital<\/th><th class=\"has-text-align-center\" data-align=\"center\">Share in votes at the General Meeting<\/th><\/tr><\/thead><tbody><tr><td>Euvic SA<\/td><td>12 000 000<\/td><td class=\"has-text-align-center\" data-align=\"center\">10,22%<\/td><td class=\"has-text-align-center\" data-align=\"center\">10,22%<\/td><\/tr><tr><td>Maciej Grzywacki<\/td><td>19 525 984<\/td><td class=\"has-text-align-center\" data-align=\"center\">16,63%<\/td><td class=\"has-text-align-center\" data-align=\"center\">16,63%<\/td><\/tr><tr><td>Mariusz \u0141ukanowski<\/td><td>16 025 984<\/td><td class=\"has-text-align-center\" data-align=\"center\">13,65%<\/td><td class=\"has-text-align-center\" data-align=\"center\">13,65%<\/td><\/tr><tr><td>Pawe\u0142 Ciesielka<\/td><td>19 525 984<\/td><td class=\"has-text-align-center\" data-align=\"center\">16,63%<\/td><td class=\"has-text-align-center\" data-align=\"center\">16,63%<\/td><\/tr><tr><td>S\u0142awomir Kasi\u0144ski<\/td><td>14 531 538<\/td><td class=\"has-text-align-center\" data-align=\"center\">12,38%<\/td><td class=\"has-text-align-center\" data-align=\"center\">12,38%<\/td><\/tr><\/tbody><\/table><\/figure>\n\n\n\n<p><\/p>\n","protected":false},"excerpt":{"rendered":"<p>Shareholder Number of shares Share in share capital Share in votes at the General Meeting Euvic SA 12 000 000 10,22% 10,22% Maciej Grzywacki 19 525 984 16,63% 16,63% Mariusz \u0141ukanowski 16 025 984 13,65% 13,65% Pawe\u0142 Ciesielka 19 525 984 16,63% 16,63% S\u0142awomir Kasi\u0144ski 14 531 538 12,38% 12,38%<\/p>\n","protected":false},"author":1,"featured_media":0,"parent":1769,"menu_order":0,"comment_status":"closed","ping_status":"closed","template":"templates\/informations.php","meta":{"_acf_changed":false,"footnotes":""},"class_list":["post-1806","page","type-page","status-publish","hentry"],"acf":[],"_links":{"self":[{"href":"https:\/\/proacta.pl\/en\/wp-json\/wp\/v2\/pages\/1806","targetHints":{"allow":["GET"]}}],"collection":[{"href":"https:\/\/proacta.pl\/en\/wp-json\/wp\/v2\/pages"}],"about":[{"href":"https:\/\/proacta.pl\/en\/wp-json\/wp\/v2\/types\/page"}],"author":[{"embeddable":true,"href":"https:\/\/proacta.pl\/en\/wp-json\/wp\/v2\/users\/1"}],"replies":[{"embeddable":true,"href":"https:\/\/proacta.pl\/en\/wp-json\/wp\/v2\/comments?post=1806"}],"version-history":[{"count":1,"href":"https:\/\/proacta.pl\/en\/wp-json\/wp\/v2\/pages\/1806\/revisions"}],"predecessor-version":[{"id":1807,"href":"https:\/\/proacta.pl\/en\/wp-json\/wp\/v2\/pages\/1806\/revisions\/1807"}],"up":[{"embeddable":true,"href":"https:\/\/proacta.pl\/en\/wp-json\/wp\/v2\/pages\/1769"}],"wp:attachment":[{"href":"https:\/\/proacta.pl\/en\/wp-json\/wp\/v2\/media?parent=1806"}],"curies":[{"name":"wp","href":"https:\/\/api.w.org\/{rel}","templated":true}]}}