{"id":1798,"date":"2025-04-03T21:08:48","date_gmt":"2025-04-03T19:08:48","guid":{"rendered":"https:\/\/proacta.pl\/investor-relations\/dokumenty-spolki\/"},"modified":"2025-09-18T19:16:12","modified_gmt":"2025-09-18T17:16:12","slug":"company-documents","status":"publish","type":"page","link":"https:\/\/proacta.pl\/en\/investor-relations\/company-documents\/","title":{"rendered":"Company documents"},"content":{"rendered":"\n<p><a href=\"https:\/\/proacta.pl\/wp-content\/uploads\/2025\/07\/Odpis_Aktualny_KRS_0000580322_21_07_2025.pdf\" target=\"_blank\" rel=\"noreferrer noopener\">Odpis aktualny z KRS<\/a><\/p>\n\n\n\n<p><a href=\"https:\/\/proacta.pl\/wp-content\/uploads\/2025\/09\/PROACTA_SA_STATUT_18_07_2025.pdf\" target=\"_blank\" rel=\"noreferrer noopener\">Statut sp\u00f3\u0142ki<\/a><\/p>\n\n\n\n<p><a href=\"https:\/\/proacta.pl\/wp-content\/uploads\/2025\/06\/informacje_o_stosowaniu_ladu_korporacyjnego_Proacta_2024.pdf\" target=\"_blank\" rel=\"noreferrer noopener\">Zasady \u0142adu korporacyjnego<\/a><\/p>\n\n\n\n<p><\/p>\n","protected":false},"excerpt":{"rendered":"<p>Odpis aktualny z KRS Statut sp\u00f3\u0142ki Zasady \u0142adu korporacyjnego<\/p>\n","protected":false},"author":4,"featured_media":0,"parent":1769,"menu_order":0,"comment_status":"closed","ping_status":"closed","template":"templates\/informations.php","meta":{"_acf_changed":false,"footnotes":""},"class_list":["post-1798","page","type-page","status-publish","hentry"],"acf":[],"_links":{"self":[{"href":"https:\/\/proacta.pl\/en\/wp-json\/wp\/v2\/pages\/1798","targetHints":{"allow":["GET"]}}],"collection":[{"href":"https:\/\/proacta.pl\/en\/wp-json\/wp\/v2\/pages"}],"about":[{"href":"https:\/\/proacta.pl\/en\/wp-json\/wp\/v2\/types\/page"}],"author":[{"embeddable":true,"href":"https:\/\/proacta.pl\/en\/wp-json\/wp\/v2\/users\/4"}],"replies":[{"embeddable":true,"href":"https:\/\/proacta.pl\/en\/wp-json\/wp\/v2\/comments?post=1798"}],"version-history":[{"count":1,"href":"https:\/\/proacta.pl\/en\/wp-json\/wp\/v2\/pages\/1798\/revisions"}],"predecessor-version":[{"id":1799,"href":"https:\/\/proacta.pl\/en\/wp-json\/wp\/v2\/pages\/1798\/revisions\/1799"}],"up":[{"embeddable":true,"href":"https:\/\/proacta.pl\/en\/wp-json\/wp\/v2\/pages\/1769"}],"wp:attachment":[{"href":"https:\/\/proacta.pl\/en\/wp-json\/wp\/v2\/media?parent=1798"}],"curies":[{"name":"wp","href":"https:\/\/api.w.org\/{rel}","templated":true}]}}