{"id":1794,"date":"2024-06-13T19:24:18","date_gmt":"2024-06-13T17:24:18","guid":{"rendered":"https:\/\/proacta.pl\/investor-relations\/company-bodies\/zarzad\/"},"modified":"2025-09-18T19:14:23","modified_gmt":"2025-09-18T17:14:23","slug":"management-board","status":"publish","type":"page","link":"https:\/\/proacta.pl\/en\/investor-relations\/company-bodies\/management-board\/","title":{"rendered":"Management Board"},"content":{"rendered":"\n<p><a href=\"https:\/\/proacta.pl\/wp-content\/uploads\/2024\/12\/156040-kwestionariusz-osobowy-pawel-ciesielka.pdf\" target=\"_blank\" rel=\"noreferrer noopener\">Pawe\u0142 Ciesielka &#8211; Prezes Zarz\u0105du<\/a><\/p>\n\n\n\n<p><a href=\"https:\/\/proacta.pl\/wp-content\/uploads\/2024\/12\/156041-kwestionariusz-osobowy-maciej-grzywacki.pdf\" target=\"_blank\" rel=\"noreferrer noopener\">Maciej Grzywacki &#8211; Wiceprezes Zarz\u0105du<\/a><\/p>\n\n\n\n<p><\/p>\n","protected":false},"excerpt":{"rendered":"<p>Pawe\u0142 Ciesielka &#8211; Prezes Zarz\u0105du Maciej Grzywacki &#8211; Wiceprezes Zarz\u0105du<\/p>\n","protected":false},"author":1,"featured_media":0,"parent":1785,"menu_order":0,"comment_status":"closed","ping_status":"closed","template":"templates\/informations.php","meta":{"_acf_changed":false,"footnotes":""},"class_list":["post-1794","page","type-page","status-publish","hentry"],"acf":[],"_links":{"self":[{"href":"https:\/\/proacta.pl\/en\/wp-json\/wp\/v2\/pages\/1794","targetHints":{"allow":["GET"]}}],"collection":[{"href":"https:\/\/proacta.pl\/en\/wp-json\/wp\/v2\/pages"}],"about":[{"href":"https:\/\/proacta.pl\/en\/wp-json\/wp\/v2\/types\/page"}],"author":[{"embeddable":true,"href":"https:\/\/proacta.pl\/en\/wp-json\/wp\/v2\/users\/1"}],"replies":[{"embeddable":true,"href":"https:\/\/proacta.pl\/en\/wp-json\/wp\/v2\/comments?post=1794"}],"version-history":[{"count":1,"href":"https:\/\/proacta.pl\/en\/wp-json\/wp\/v2\/pages\/1794\/revisions"}],"predecessor-version":[{"id":1795,"href":"https:\/\/proacta.pl\/en\/wp-json\/wp\/v2\/pages\/1794\/revisions\/1795"}],"up":[{"embeddable":true,"href":"https:\/\/proacta.pl\/en\/wp-json\/wp\/v2\/pages\/1785"}],"wp:attachment":[{"href":"https:\/\/proacta.pl\/en\/wp-json\/wp\/v2\/media?parent=1794"}],"curies":[{"name":"wp","href":"https:\/\/api.w.org\/{rel}","templated":true}]}}