{"id":1753,"date":"2024-06-13T19:25:38","date_gmt":"2024-06-13T17:25:38","guid":{"rendered":"https:\/\/proacta.pl\/raporty-okresowe\/"},"modified":"2025-09-18T18:51:53","modified_gmt":"2025-09-18T16:51:53","slug":"periodic-reports","status":"publish","type":"page","link":"https:\/\/proacta.pl\/en\/investor-relations\/periodic-reports\/","title":{"rendered":"Periodic reports"},"content":{"rendered":"\n<figure class=\"wp-block-table\"><table><thead><tr><th>Date<\/th><th>Symbol<\/th><th>Source<\/th><th>Subject<\/th><\/tr><\/thead><tbody><tr><td>14.08.2025<\/td><td>EBI<\/td><td>BE<\/td><td><a href=\"https:\/\/proacta.pl\/wp-content\/uploads\/2025\/08\/EBI_10_2025_Raport_okresowy_za_II_kwartal_2025_14_08_2025.pdf\" target=\"_blank\" rel=\"noreferrer noopener\">Raport okresowy za II kwarta\u0142 2025 roku<\/a><\/td><\/tr><tr><td>02.06.2025<\/td><td>EBI<\/td><td>BE<\/td><td><a href=\"https:\/\/proacta.pl\/wp-content\/uploads\/2025\/06\/EBI_05_2025_Raport_roczny_za_2024_02_06_2025.pdf\" target=\"_blank\" rel=\"noreferrer noopener\">Raport roczny za rok 2024<\/a><\/td><\/tr><tr><td>15.05.2025<\/td><td>EBI<\/td><td>BE<\/td><td><a href=\"https:\/\/proacta.pl\/wp-content\/uploads\/2025\/05\/EBI_03_2025_Raport_okresowy_za_I_kwartal_2025_15_05_2025.pdf\" target=\"_blank\" rel=\"noreferrer noopener\">Raport okresowy za I kwarta\u0142 2025 roku<\/a><\/td><\/tr><tr><td>14.02.2025<\/td><td>EBI<\/td><td>BE<\/td><td><a href=\"https:\/\/proacta.pl\/wp-content\/uploads\/2025\/02\/EBI_02_2025_Raport_okresowy_za_IV_kwartal_2024_14_02_2025.pdf\" target=\"_blank\" rel=\"noreferrer noopener\">Raport okresowy za za IV kwarta\u0142 2024 roku<\/a><\/td><\/tr><tr><td>14.11.2024<\/td><td>EBI<\/td><td>BE<\/td><td><a href=\"https:\/\/newconnect.pl\/komunikat?geru_id=224802&amp;title=Raport+okresowy+za+III+kwarta%C5%82+2024+r.\" target=\"_blank\" rel=\"noreferrer noopener\">Raport okresowy za III kwarta\u0142 2024 roku<\/a><\/td><\/tr><tr><td>19.08.2024<\/td><td>EBI<\/td><td>BE<\/td><td><a href=\"https:\/\/newconnect.pl\/komunikat?geru_id=222972&amp;title=Podsumowanie+subskrypcji+akcji+serii+N\" target=\"_blank\" rel=\"noreferrer noopener\">Podsumowanie subskrypcji akcji serii N<\/a><\/td><\/tr><tr><td>14.08.2024<\/td><td>EBI<\/td><td>BE<\/td><td><a href=\"https:\/\/newconnect.pl\/komunikat?geru_id=222916&amp;title=Raport+okresowy+za+II+kwarta%C5%82+2024+r.\" target=\"_blank\" rel=\"noreferrer noopener\">Raport okresowy za II kwarta\u0142 2024 roku<\/a><\/td><\/tr><tr><td>28.06.2024<\/td><td>EBI<\/td><td>BE<\/td><td><a href=\"https:\/\/newconnect.pl\/komunikat?geru_id=221487&amp;title=Tre%C5%9B%C4%87+uchwa%C5%82+Zwyczajnego+Walnego+Zgromadzenia+Akcjonariuszy+Sp%C3%B3%C5%82ki+podj%C4%99tych+w+dniu+28+czerwca+2024+roku\" target=\"_blank\" rel=\"noreferrer noopener\">Tre\u015b\u0107 uchwa\u0142 Zwyczajnego Walnego Zgromadzenia Akcjonariuszy Sp\u00f3\u0142ki podj\u0119tych w dniu 28 czerwca 2024 roku<\/a><\/td><\/tr><tr><td>14.06.2024<\/td><td>EBI<\/td><td>BE<\/td><td><a href=\"https:\/\/newconnect.pl\/komunikat?geru_id=220743&amp;title=Publikacja+Dokumentu+Ofertowego+wraz+z+informacjami+dotycz%C4%85cymi+oferty+publicznej+akcji+serii+N%2C+o+kt%C3%B3rych+mowa+w+art.+434%C2%A7+2+Kodeksu+sp%C3%B3%C5%82ek+handlowych\" target=\"_blank\" rel=\"noreferrer noopener\">Publikacja Dokumentu Ofertowego wraz z informacjami dotycz\u0105cymi oferty publicznej akcji serii N, o kt\u00f3rych mowa w art. 434\u00a7 2 Kodeksu sp\u00f3\u0142ek handlowych<\/a><\/td><\/tr><tr><td>29.05.2024<\/td><td>EBI<\/td><td>BE<\/td><td><a href=\"https:\/\/newconnect.pl\/komunikat?geru_id=219899&amp;title=Og%C5%82oszenie+o+zwo%C5%82aniu+Zwyczajnego+Walnego+Zgromadzenia+na+dzie%C5%84+28.06.2024+r.+wraz+z+projektami+Uchwa%C5%82\" target=\"_blank\" rel=\"noreferrer noopener\">Og\u0142oszenie o zwo\u0142aniu Zwyczajnego Walnego Zgromadzenia na dzie\u0144 28.06.2024 r. wraz z projektami Uchwa\u0142<\/a><\/td><\/tr><tr><td>27.05.2024<\/td><td>EBI<\/td><td>BE<\/td><td><a href=\"https:\/\/newconnect.pl\/komunikat?geru_id=219682&amp;title=Tre%C5%9B%C4%87+uchwa%C5%82+podj%C4%99tych+na+NWZA+w+dniu+27.05.2024+r.\" target=\"_blank\" rel=\"noreferrer noopener\">Tre\u015b\u0107 uchwa\u0142 podj\u0119tych na NWZA w dniu 27.05.2024 roku<\/a><\/td><\/tr><tr><td>15.05.2024<\/td><td>EBI<\/td><td>BE<\/td><td><a class=\"h5 h5_linki h5_tabelka\" href=\"https:\/\/newconnect.pl\/komunikat?geru_id=219163&amp;title=Raport+okresowy+za+I+kwarta%C5%82+2024+r.\" target=\"_blank\" rel=\"noopener\">Raport okresowy za I kwarta\u0142 2024 roku<\/a><\/td><\/tr><tr><td>09.05.2024<\/td><td>EBI<\/td><td>BE<\/td><td>\n\t\t\t\t\t<a href=\"https:\/\/newconnect.pl\/komunikat?geru_id=218783&amp;title=Raport+roczny+za+rok+2023\" class=\"h5 h5_linki h5_tabelka\" target=\"_blank\" rel=\"noopener\">Raport roczny za rok 2023<\/a>\n\t\t\t\t<\/td><\/tr><tr><td>14.02.2024<\/td><td>EBI<\/td><td>BE<\/td><td>\n\t\t\t\t\t<a href=\"\/documents\/EBI-04-24.pdf\" class=\"h5 h5_linki h5_tabelka\" target=\"_blank\" rel=\"noopener\">Raport okresowy za IV kwarta\u0142 2023 roku<\/a>\n\t\t\t\t<\/td><\/tr><tr><td>14.11.2023<\/td><td>EBI<\/td><td>BE<\/td><td>\n\t\t\t\t\t<a href=\"\/documents\/EBI-21-23.pdf\" class=\"h5 h5_linki h5_tabelka\" target=\"_blank\" rel=\"noopener\">Raport okresowy za III kwarta\u0142 2023 roku<\/a>\n\t\t\t\t<\/td><\/tr><tr><td>14.08.2023<\/td><td>EBI<\/td><td>BE<\/td><td>\n\t\t\t\t\t<a href=\"\/documents\/EBI-18-23.pdf\" class=\"h5 h5_linki h5_tabelka\" target=\"_blank\" rel=\"noopener\">Raport okresowy za II kwarta\u0142 2023 roku<\/a>\n\t\t\t\t<\/td><\/tr><tr><td>15.07.2023<\/td><td>EBI<\/td><td>BE<\/td><td>\n\t\t\t\t\t<a href=\"\/documents\/EBI-14-23.pdf\" class=\"h5 h5_linki h5_tabelka\" target=\"_blank\" rel=\"noopener\">Korekta raportu okresowego za I kwarta\u0142 2023 r<\/a>\n\t\t\t\t<\/td><\/tr><tr><td>31.05.2023<\/td><td>EBI<\/td><td>BE<\/td><td>\n\t\t\t\t\t<a href=\"\/documents\/EBI-08-23.pdf\" class=\"h5 h5_linki h5_tabelka\" target=\"_blank\" rel=\"noopener\">Raport roczny za rok 2022<\/a>\n\t\t\t\t<\/td><\/tr><tr><td>15.05.2023<\/td><td>EBI<\/td><td>BE<\/td><td>\n\t\t\t\t\t<a href=\"\/documents\/EBI-07-23.pdf\" class=\"h5 h5_linki h5_tabelka\" target=\"_blank\" rel=\"noopener\">Raport okresowy za I kwarta\u0142 2023 roku<\/a>\n\t\t\t\t<\/td><\/tr><tr><td>14.02.2023<\/td><td>EBI<\/td><td>BE<\/td><td>\n\t\t\t\t\t<a href=\"\/documents\/EBI-03-23.pdf\" class=\"h5 h5_linki h5_tabelka\" target=\"_blank\" rel=\"noopener\">Raport okresowy za IV kwarta\u0142 2022 roku<\/a>\n\t\t\t\t<\/td><\/tr><tr><td>10.11.2022<\/td><td>EBI<\/td><td>BE<\/td><td>\n\t\t\t\t\t<a href=\"\/documents\/EBI-16-22.pdf\" class=\"h5 h5_linki h5_tabelka\" target=\"_blank\" rel=\"noopener\">Raport okresowy za III kwarta\u0142 2022 roku<\/a>\n\t\t\t\t<\/td><\/tr><tr><td>11.08.2022<\/td><td>EBI<\/td><td>BE<\/td><td>\n\t\t\t\t\t<a href=\"\/documents\/EBI-14-22.pdf\" class=\"h5 h5_linki h5_tabelka\" target=\"_blank\" rel=\"noopener\">Raport okresowy za II kwarta\u0142 2022 roku<\/a>\n\t\t\t\t<\/td><\/tr><tr><td>26.07.2022<\/td><td>EBI<\/td><td>BE<\/td><td>\n\t\t\t\t\t<a href=\"\/documents\/EBI-13-22.pdf\" class=\"h5 h5_linki h5_tabelka\" target=\"_blank\" rel=\"noopener\">Korekta raportu okresowego za I kwarta\u0142 2022 r.<\/a>\n\t\t\t\t<\/td><\/tr><tr><td>27.05.2022<\/td><td>EBI<\/td><td>BE<\/td><td>\n\t\t\t\t\t<a href=\"\/documents\/EBI-8-22.pdf\" class=\"h5 h5_linki h5_tabelka\" target=\"_blank\" rel=\"noopener\">Raport roczny za rok 2021<\/a>\n\t\t\t\t<\/td><\/tr><tr><td>12.05.2022<\/td><td>EBI<\/td><td>BE<\/td><td>\n\t\t\t\t\t<a href=\"\/documents\/EBI-7-22.pdf\" class=\"h5 h5_linki h5_tabelka\" target=\"_blank\" rel=\"noopener\">Raport okresowy za I kwarta\u0142 2022 roku<\/a>\n\t\t\t\t<\/td><\/tr><tr><td>10.02.2022<\/td><td>EBI<\/td><td>BE<\/td><td>\n\t\t\t\t\t<a href=\"\/documents\/EBI-4-22.pdf\" class=\"h5 h5_linki h5_tabelka\" target=\"_blank\" rel=\"noopener\">Raport okresowy za IV kwarta\u0142 2021 roku<\/a>\n\t\t\t\t<\/td><\/tr><tr><td>10.11.2021<\/td><td>EBI<\/td><td>BE<\/td><td>\n\t\t\t\t\t<a href=\"\/documents\/EBI-16-21.pdf\" class=\"h5 h5_linki h5_tabelka\" target=\"_blank\" rel=\"noopener\">Raport okresowy za III kwarta\u0142 2021 roku\n\t\t\t\t\t<\/a>\n\t\t\t\t<\/td><\/tr><tr><td>12.08.2021<\/td><td>EBI<\/td><td>BE<\/td><td>\n\t\t\t\t\t<a href=\"\/documents\/EBI-14-21.pdf\" class=\"h5 h5_linki h5_tabelka\" target=\"_blank\" rel=\"noopener\">Raport okresowy za II kwarta\u0142 2021 roku<\/a>\n\t\t\t\t<\/td><\/tr><tr><td>20.07.2021<\/td><td>EBI<\/td><td>BE<\/td><td>\n\t\t\t\t\t<a href=\"\/documents\/EBI-12-21.pdf\" class=\"h5 h5_linki h5_tabelka\" target=\"_blank\" rel=\"noopener\">Korekta raportu okresowego za I kwarta\u0142 2021 r.<\/a>\n\t\t\t\t<\/td><\/tr><tr><td>27.05.2021<\/td><td>EBI<\/td><td>BE<\/td><td>\n\t\t\t\t\t<a href=\"\/documents\/EBI-07-21.pdf\" class=\"h5 h5_linki h5_tabelka\" target=\"_blank\" rel=\"noopener\">Raport roczny za rok 2020<\/a>\n\t\t\t\t<\/td><\/tr><tr><td>13.05.2021<\/td><td>EBI<\/td><td>BE<\/td><td>\n\t\t\t\t\t<a href=\"\/documents\/EBI-06-21.pdf\" class=\"h5 h5_linki h5_tabelka\" target=\"_blank\" rel=\"noopener\">Raport okresowy za I kwarta\u0142 2021 roku<\/a>\n\t\t\t\t<\/td><\/tr><tr><td>14.01.2021<\/td><td>ESPI<\/td><td>BE<\/td><td>\n\t\t\t\t\t<a href=\"\/documents\/ESPI-01-2021.pdf\" class=\"h5 h5_linki h5_tabelka\" target=\"_blank\" rel=\"noopener\">Raport sprzeda\u017cowy za czwarty kwarta\u0142 2020 roku<\/a>\n\t\t\t\t<\/td><\/tr><tr><td>13.11.2020<\/td><td>EBI<\/td><td>BE<\/td><td>\n\t\t\t\t\t<a href=\"\/documents\/EBI-29-20.pdf\" class=\"h5 h5_linki h5_tabelka\" target=\"_blank\" rel=\"noopener\">Raport okresowy za III kwarta\u0142 2020 roku<\/a>\n\t\t\t\t<\/td><\/tr><tr><td>12.08.2020<\/td><td>EBI<\/td><td>BE<\/td><td>\n\t\t\t\t\t<a href=\"\/documents\/EBI-21-20.pdf\" class=\"h5 h5_linki h5_tabelka\" target=\"_blank\" rel=\"noopener\">Raport kwartalny za II kwarta\u0142 2020<\/a>\n\t\t\t\t<\/td><\/tr><tr><td>31.07.2020<\/td><td>EBI<\/td><td>BE<\/td><td>\n\t\t\t\t\t<a href=\"\/documents\/EBI-19-20.pdf\" class=\"h5 h5_linki h5_tabelka\" target=\"_blank\" rel=\"noopener\">Raport roczny za 2019 rok BIT EVIL S.A.<\/a>\n\t\t\t\t<\/td><\/tr><tr><td>17.06.2020<\/td><td>EBI<\/td><td>BE<\/td><td>\n\t\t\t\t\t<a href=\"\/documents\/EBI-16-20.pdf\" class=\"h5 h5_linki h5_tabelka\" target=\"_blank\" rel=\"noopener\">Raport kwartalny za I kwarta\u0142 2020<\/a>\n\t\t\t\t<\/td><\/tr><tr><td>02.02.2020<\/td><td>EBI<\/td><td>BE<\/td><td>\n\t\t\t\t\t<a href=\"\/documents\/document17.pdf\" class=\"h5 h5_linki h5_tabelka\" target=\"_blank\" rel=\"noopener\">Raport kwartalny za IV kwarta\u0142 2019<\/a>\n\t\t\t\t<\/td><\/tr><tr><td>14.11.2019<\/td><td>EBI<\/td><td>BE<\/td><td>\n\t\t\t\t\t<a href=\"\/documents\/document4.pdf\" class=\"h5 h5_linki h5_tabelka\" target=\"_blank\" rel=\"noopener\">Raport kwartalny za III kwarta\u0142 2019 BIT EVIL S.A. BIT EVIL\n\t\t\t\t\t\tSp\u00f3\u0142ka Akcyjna<\/a>\n\t\t\t\t<\/td><\/tr><tr><td>14.08.2019<\/td><td>ESPI<\/td><td>BE<\/td><td>\n\t\t\t\t\t<a href=\"\/documents\/115667-bitevil-2q2019.pdf\" class=\"h5 h5_linki h5_tabelka\" target=\"_blank\" rel=\"noopener\">Raport kwartalny za II kwarta\u0142<\/a>\n\t\t\t\t<\/td><\/tr><tr><td>31.05.2019<\/td><td>EBI<\/td><td>BE<\/td><td>\n\t\t\t\t\t<a href=\"\/documents\/roczny-2018.pdf\" class=\"h5 h5_linki h5_tabelka\" target=\"_blank\" rel=\"noopener\">Raport roczny za 2018 rok<\/a>\n\t\t\t\t<\/td><\/tr><tr><td>15.05.2019<\/td><td>EBI<\/td><td>BE<\/td><td>\n\t\t\t\t\t<a href=\"\/documents\/EBI-13-19.pdf\" class=\"h5 h5_linki h5_tabelka\" target=\"_blank\" rel=\"noopener\">Raport kwartalny na I kwarta\u0142 2019 r.<\/a>\n\t\t\t\t<\/td><\/tr><tr><td>14.05.2019<\/td><td>ESPI<\/td><td>BE<\/td><td>\n\t\t\t\t\t<a href=\"\/documents\/BitEvil-ESPI-16-2019.pdf\" class=\"h5 h5_linki h5_tabelka\" target=\"_blank\" rel=\"noopener\">Raport miesi\u0119czny za kwiecie\u0144 2019<\/a>\n\t\t\t\t<\/td><\/tr><tr><td>14.02.2019<\/td><td>EBI<\/td><td>BE<\/td><td>\n\t\t\t\t\t<a href=\"\/documents\/EBI-02-19.pdf\" class=\"h5 h5_linki h5_tabelka\" target=\"_blank\" rel=\"noopener\">Raport okresowy za IV kwarta\u0142 2018 r.<\/a>\n\t\t\t\t<\/td><\/tr><tr><td>14.11.2018<\/td><td>EBI<\/td><td>BE<\/td><td>\n\t\t\t\t\t<a href=\"\/documents\/bit-evil-raport-kwartalny-q3-2018.pdf\" class=\"h5 h5_linki h5_tabelka\" target=\"_blank\" rel=\"noopener\">Raport okresowy za III kwarta\u0142 2018 r.<\/a>\n\t\t\t\t<\/td><\/tr><tr><td>14.08.2018<\/td><td>EBI<\/td><td>BE<\/td><td>\n\t\t\t\t\t<a href=\"\/documents\/BitEvil_Raport-okresowy-za-II-Q2018.pdf\" class=\"h5 h5_linki h5_tabelka\" target=\"_blank\" rel=\"noopener\">Raport okresowy za II kwarta\u0142 2018 r.<\/a>\n\t\t\t\t<\/td><\/tr><tr><td>30.05.2018<\/td><td>EBI<\/td><td>BE<\/td><td>\n\t\t\t\t\t<a href=\"\/documents\/BitEvil-EBI-7-2018.pdf\" class=\"h5 h5_linki h5_tabelka\" target=\"_blank\" rel=\"noopener\">Raport roczny za 2017 rok<\/a>\n\t\t\t\t<\/td><\/tr><tr><td>15.05.2018<\/td><td>EBI<\/td><td>BE<\/td><td>\n\t\t\t\t\t<a href=\"\/documents\/BitEvil-EBI-6-2018.pdf\" class=\"h5 h5_linki h5_tabelka\" target=\"_blank\" rel=\"noopener\">Raport okresowy za I kwarta\u0142 2018 roku<\/a>\n\t\t\t\t<\/td><\/tr><tr><td>14.02.2018<\/td><td>EBI<\/td><td>BE<\/td><td>\n\t\t\t\t\t<a href=\"\/documents\/BitEvil_Raport-okresowy-za-IV-Q2017.pdf\" class=\"h5 h5_linki h5_tabelka\" target=\"_blank\" rel=\"noopener\">Raport okresowy za IV kwarta\u0142 2017 roku<\/a>\n\t\t\t\t<\/td><\/tr><tr><td>14.11.2017<\/td><td>EBI<\/td><td>BE<\/td><td>\n\t\t\t\t\t<a href=\"\/documents\/BitEvil_Raport-okresowy-za-III-Q2017.pdf\" class=\"h5 h5_linki h5_tabelka\" target=\"_blank\" rel=\"noopener\">Raport kwartalny za 3Q<\/a>\n\t\t\t\t<\/td><\/tr><tr><td>14.08.2017<\/td><td>EBI<\/td><td>BE<\/td><td>\n\t\t\t\t\t<a href=\"\/documents\/BITEVIL_EBI_Raport-okresowy-za-IIQ2017.pdf\" class=\"h5 h5_linki h5_tabelka\" target=\"_blank\" rel=\"noopener\">Raport kwartalny za 2Q<\/a>\n\t\t\t\t<\/td><\/tr><\/tbody><\/table><\/figure>\n","protected":false},"excerpt":{"rendered":"<p>Date Symbol Source Subject 14.08.2025 EBI BE Raport okresowy za II kwarta\u0142 2025 roku 02.06.2025 EBI BE Raport roczny za rok 2024 15.05.2025 EBI BE Raport okresowy za I kwarta\u0142 2025 roku 14.02.2025 EBI BE Raport okresowy za za IV kwarta\u0142 2024 roku 14.11.2024 EBI BE Raport okresowy za III kwarta\u0142 2024 roku 19.08.2024 EBI [&hellip;]<\/p>\n","protected":false},"author":1,"featured_media":0,"parent":1769,"menu_order":0,"comment_status":"closed","ping_status":"closed","template":"templates\/informations.php","meta":{"_acf_changed":false,"footnotes":""},"class_list":["post-1753","page","type-page","status-publish","hentry"],"acf":[],"_links":{"self":[{"href":"https:\/\/proacta.pl\/en\/wp-json\/wp\/v2\/pages\/1753","targetHints":{"allow":["GET"]}}],"collection":[{"href":"https:\/\/proacta.pl\/en\/wp-json\/wp\/v2\/pages"}],"about":[{"href":"https:\/\/proacta.pl\/en\/wp-json\/wp\/v2\/types\/page"}],"author":[{"embeddable":true,"href":"https:\/\/proacta.pl\/en\/wp-json\/wp\/v2\/users\/1"}],"replies":[{"embeddable":true,"href":"https:\/\/proacta.pl\/en\/wp-json\/wp\/v2\/comments?post=1753"}],"version-history":[{"count":1,"href":"https:\/\/proacta.pl\/en\/wp-json\/wp\/v2\/pages\/1753\/revisions"}],"predecessor-version":[{"id":1755,"href":"https:\/\/proacta.pl\/en\/wp-json\/wp\/v2\/pages\/1753\/revisions\/1755"}],"up":[{"embeddable":true,"href":"https:\/\/proacta.pl\/en\/wp-json\/wp\/v2\/pages\/1769"}],"wp:attachment":[{"href":"https:\/\/proacta.pl\/en\/wp-json\/wp\/v2\/media?parent=1753"}],"curies":[{"name":"wp","href":"https:\/\/api.w.org\/{rel}","templated":true}]}}